{"id":544,"date":"2025-04-04T11:08:53","date_gmt":"2025-04-04T09:08:53","guid":{"rendered":"http:\/\/www.stipe-lucic.com\/eu-projekt\/"},"modified":"2025-04-08T15:45:05","modified_gmt":"2025-04-08T13:45:05","slug":"eu-project","status":"publish","type":"page","link":"http:\/\/www.stipe-lucic.com\/en\/eu-project\/","title":{"rendered":"EU project"},"content":{"rendered":"\t\t<div data-elementor-type=\"wp-page\" data-elementor-id=\"544\" class=\"elementor elementor-544 elementor-324\">\n\t\t\t\t\t\t<section class=\"wd-negative-gap elementor-section elementor-top-section elementor-element elementor-element-54a18a51 wd-section-stretch elementor-section-boxed elementor-section-height-default elementor-section-height-default\" data-id=\"54a18a51\" data-element_type=\"section\" data-settings=\"{&quot;background_background&quot;:&quot;classic&quot;}\">\n\t\t\t\t\t\t\t<div class=\"elementor-background-overlay\"><\/div>\n\t\t\t\t\t\t\t<div class=\"elementor-container elementor-column-gap-default\">\n\t\t\t\t\t<div class=\"elementor-column elementor-col-100 elementor-top-column elementor-element elementor-element-6d40fcbc\" data-id=\"6d40fcbc\" data-element_type=\"column\">\n\t\t\t<div class=\"elementor-widget-wrap elementor-element-populated\">\n\t\t\t\t\t\t<div class=\"elementor-element elementor-element-30c9dd7c wd-width-100 elementor-widget elementor-widget-wd_title\" data-id=\"30c9dd7c\" data-element_type=\"widget\" data-widget_type=\"wd_title.default\">\n\t\t\t\t<div class=\"elementor-widget-container\">\n\t\t\t\t\t\t\t<div class=\"title-wrapper wd-set-mb reset-last-child wd-title-color-default wd-title-style-default wd-title-size-large text-left\">\n\n\t\t\t\n\t\t\t<div class=\"liner-continer\">\n\t\t\t\t<h4 class=\"woodmart-title-container title wd-fontsize-xxl\">EU project<\/h4> \n\t\t\t\t\t\t\t<\/div>\n\n\t\t\t\t\t<\/div>\n\t\t\t\t\t\t<\/div>\n\t\t\t\t<\/div>\n\t\t\t\t<div class=\"elementor-element elementor-element-63e60f22 elementor-widget elementor-widget-wd_text_block\" data-id=\"63e60f22\" data-element_type=\"widget\" data-widget_type=\"wd_text_block.default\">\n\t\t\t\t<div class=\"elementor-widget-container\">\n\t\t\t\t\t\t\t<div class=\"wd-text-block reset-last-child text-left color-title\">\n\t\t\t\n\t\t\t<p><strong>\u201e<\/strong><strong>STIPE LUCI\u0106 KAMENARSKI CENTAR I KLESARSTVO\u201c, <\/strong>a Stone Shaping and Installation Workshop, owned by Bernard Luci\u0107, Domaslovec, \u017deljezni\u010dka 6, has applied for and received non-repayable funds for the project \"Transition to an Energy- and Resource-Efficient Economy of the 'STIPE LUCI\u0106 STONEMASONRY CENTER AND STONE CARVING' Workshop \u2013 NPOO.C1.1.1.R4-I1.02.-0070.\"<\/p><p class=\"\" data-start=\"369\" data-end=\"620\">The project is being implemented and co-financed under the Recovery and Resilience Mechanism, the NextGenerationEU program, and the Call \"Support for Enterprises in Transition to Energy and Resource-Efficient Economy for 2024\" \u2013 NPOO.C1.1.1. R4-I1.02.<\/p>\n\t\t\t\t\t<\/div>\n\t\t\t\t\t\t<\/div>\n\t\t\t\t<\/div>\n\t\t<div class=\"wd-negative-gap elementor-element elementor-element-3e71387 e-flex e-con-boxed e-con e-parent\" data-id=\"3e71387\" data-element_type=\"container\">\n\t\t\t\t\t<div class=\"e-con-inner\">\n\t\t<div class=\"elementor-element elementor-element-6dc6bd8 e-con-full e-flex e-con e-child\" data-id=\"6dc6bd8\" data-element_type=\"container\">\n\t\t\t\t<div class=\"elementor-element elementor-element-59adb65 zastave elementor-widget elementor-widget-image\" data-id=\"59adb65\" data-element_type=\"widget\" data-widget_type=\"image.default\">\n\t\t\t\t<div class=\"elementor-widget-container\">\n\t\t\t\t\t\t\t\t\t\t\t\t\t\t\t<img fetchpriority=\"high\" decoding=\"async\" width=\"730\" height=\"218\" src=\"http:\/\/www.stipe-lucic.com\/wp-content\/uploads\/2025\/04\/nextgeneu_en1.jpg\" class=\"attachment-full size-full wp-image-539\" alt=\"\" srcset=\"http:\/\/www.stipe-lucic.com\/wp-content\/uploads\/2025\/04\/nextgeneu_en1.jpg 730w, http:\/\/www.stipe-lucic.com\/wp-content\/uploads\/2025\/04\/nextgeneu_en1-300x90.jpg 300w\" sizes=\"(max-width: 730px) 100vw, 730px\" \/>\t\t\t\t\t\t\t\t\t\t\t\t\t\t\t<\/div>\n\t\t\t\t<\/div>\n\t\t\t\t<\/div>\n\t\t<div class=\"elementor-element elementor-element-1609c30 e-con-full e-flex e-con e-child\" data-id=\"1609c30\" data-element_type=\"container\">\n\t\t\t\t<div class=\"elementor-element elementor-element-567ca36 zastave elementor-widget elementor-widget-image\" data-id=\"567ca36\" data-element_type=\"widget\" data-widget_type=\"image.default\">\n\t\t\t\t<div class=\"elementor-widget-container\">\n\t\t\t\t\t\t\t\t\t\t\t\t\t\t\t<img decoding=\"async\" width=\"1024\" height=\"661\" src=\"http:\/\/www.stipe-lucic.com\/wp-content\/uploads\/2025\/04\/HRV-1024x661.png\" class=\"attachment-large size-large wp-image-327\" alt=\"\" srcset=\"http:\/\/www.stipe-lucic.com\/wp-content\/uploads\/2025\/04\/HRV-1024x661.png 1024w, http:\/\/www.stipe-lucic.com\/wp-content\/uploads\/2025\/04\/HRV-300x194.png 300w, http:\/\/www.stipe-lucic.com\/wp-content\/uploads\/2025\/04\/HRV-768x496.png 768w, http:\/\/www.stipe-lucic.com\/wp-content\/uploads\/2025\/04\/HRV.png 1244w\" sizes=\"(max-width: 1024px) 100vw, 1024px\" \/>\t\t\t\t\t\t\t\t\t\t\t\t\t\t\t<\/div>\n\t\t\t\t<\/div>\n\t\t\t\t<\/div>\n\t\t\t\t\t<\/div>\n\t\t\t\t<\/div>\n\t\t\t\t<div class=\"elementor-element elementor-element-e8ec2b5 elementor-widget elementor-widget-wd_text_block\" data-id=\"e8ec2b5\" data-element_type=\"widget\" data-widget_type=\"wd_text_block.default\">\n\t\t\t\t<div class=\"elementor-widget-container\">\n\t\t\t\t\t\t\t<div class=\"wd-text-block reset-last-child text-left\">\n\t\t\t\n\t\t\t<h2><strong>PROJECT GOAL<\/strong><\/h2><p>The goal of the project is to establish an energy- and resource-efficient economy by promoting the effective use of resources, increasing the use of renewable energy sources, and reducing CO2 emissions.<\/p><h2><strong>PROJECT DESCRIPTION<\/strong><\/h2><p>The project Transition to an Energy and Resource-Efficient Economy of the \"STIPE LUCI\u0106 KAMENARSKI CENTAR I KLESARSTVO\" includes the implementation of two types of activities to increase energy and resource efficiency: the introduction of a new granite slab polishing line and the installation of a photovoltaic power plant. By implementing this project, the amount of delivered energy will be reduced by 62.58%, and resource savings in production per unit of product will be 6.05%. The realization of the project will have a positive impact on the project's target groups \u2013 the owners and employees of the company, and the benefits of the project\u2019s effects will extend to both the local and broader communities.<\/p><p>Expert support and consultancy in project preparation and implementation are provided by the company EPSIM d.o.o.<\/p><h2><strong>THE PROJECT INCLUDES THE FOLLOWING ACTIVITIES:<\/strong><\/h2><ol><li><p>Investment in promoting renewable energy sources, renewable hydrogen, and high-efficiency cogeneration (GBER Article 41),<\/p><\/li><li><p>Investment in efficient resource use and supporting the transition to a circular economy (GBER Article 47),<\/p><\/li><li><p>Project management,<\/p><\/li><li><p>Promotion and visibility.<\/p><\/li><\/ol><h2><strong>SUCCESSFUL IMPLEMENTATION OF THE PROJECT WILL ACHIEVE THE FOLLOWING RESULTS:<\/strong><\/h2><ol><li><p>Construction and commissioning of a photovoltaic power plant (renewable energy),<\/p><\/li><li><p>Acquisition of a new granite slab polishing line,<\/p><\/li><li><p>Successful project implementation with all necessary documentation and reports submitted,<\/p><\/li><li><p>Project visibility secured.<\/p><\/li><\/ol><h2><strong>SUCCESSFUL IMPLEMENTATION OF THE PROJECT WILL ACHIEVE THE FOLLOWING INDICATORS:<\/strong><\/h2><ol><li><p>Increase in employment in supported enterprises \u2013 5,<\/p><\/li><li><p>Private investments equal to public support \u2013 229,629.29 EUR,<\/p><\/li><li><p>Amount of renewable energy in gross final energy consumption \u2013 124.56,<\/p><\/li><li><p>Reduction in greenhouse gas emissions through CO2 reduction \u2013 -22.86,<\/p><\/li><li><p>Resource savings in production per unit \u2013 -221.82,<\/p><\/li><li><p>Savings in annual primary energy consumption \u2013 232.06,<\/p><\/li><li><p>Additional operational capacity for renewable energy \u2013 0.16,<\/p><\/li><li><p>Supported enterprises \u2013 1.<\/p><\/li><\/ol><h2><strong>Total project value:<\/strong><\/h2><p>785,940.82 EUR<\/p><h2><strong>Non-repayable funds:<\/strong><\/h2><p>556,311.53 EUR<\/p><h2><strong>Project implementation period:<\/strong><\/h2><p>The project will be implemented from 01.02.2025 to 01.02.2026.<\/p><h2><strong>Contact person for more information:<\/strong><\/h2><p>Name: Bernard Luci\u0107<br \/>E-mail: <a href=\"mailto:bernard@stipe-lucic.com\">bernard@stipe-lucic.com<\/a><br \/>Web: <a href=\"http:\/\/www.stipe-lucic.com\/\" target=\"_blank\" rel=\"noopener\">http:\/\/www.stipe-lucic.com\/<\/a><br \/>EPSIM: <a href=\"https:\/\/epsim.hr\/\" target=\"_blank\" rel=\"noopener\">https:\/\/epsim.hr\/<\/a><\/p><p>For more information on EU funding opportunities: <a href=\"https:\/\/fondovieu.gov.hr\/\" target=\"_blank\" rel=\"noopener\">https:\/\/fondovieu.gov.hr\/<\/a><\/p><p>The project is co-financed by the European Union under the Recovery and Resilience Mechanism, the NextGenerationEU program.<\/p>\n\t\t\t\t\t<\/div>\n\t\t\t\t\t\t<\/div>\n\t\t\t\t<\/div>\n\t\t\t\t\t<\/div>\n\t\t<\/div>\n\t\t\t\t\t<\/div>\n\t\t<\/section>\n\t\t\t\t<\/div>\n\t\t","protected":false},"excerpt":{"rendered":"<p>EU project \u201eSTIPE LUCI\u0106 KAMENARSKI CENTAR I KLESARSTVO\u201c, a Stone Shaping and Installation Workshop, owned by Bernard Luci\u0107, Domaslovec, \u017deljezni\u010dka<\/p>\n","protected":false},"author":1,"featured_media":0,"parent":0,"menu_order":0,"comment_status":"closed","ping_status":"closed","template":"elementor_header_footer","meta":{"footnotes":""},"class_list":["post-544","page","type-page","status-publish","hentry"],"yoast_head":"<!-- This site is optimized with the Yoast SEO plugin v26.3 - https:\/\/yoast.com\/wordpress\/plugins\/seo\/ -->\n<title>EU project \u2013 Stipe Luci\u0107 - Stonemasonry Center and Stone Carving<\/title>\n<meta name=\"description\" content=\"The goal of the project is to establish an energy- and resource-efficient economy by promoting the effective use of resources, increasing the use of renewable energy sources, and reducing CO2 emissions.\" \/>\n<meta name=\"robots\" content=\"index, follow, max-snippet:-1, max-image-preview:large, max-video-preview:-1\" \/>\n<link rel=\"canonical\" href=\"http:\/\/www.stipe-lucic.com\/en\/eu-project\/\" \/>\n<meta property=\"og:locale\" content=\"en_US\" \/>\n<meta property=\"og:type\" content=\"article\" \/>\n<meta property=\"og:title\" content=\"EU project \u2013 Stipe Luci\u0107 - Stonemasonry Center and Stone Carving\" \/>\n<meta property=\"og:description\" content=\"The goal of the project is to establish an energy- and resource-efficient economy by promoting the effective use of resources, increasing the use of renewable energy sources, and reducing CO2 emissions.\" \/>\n<meta property=\"og:url\" content=\"http:\/\/www.stipe-lucic.com\/en\/eu-project\/\" \/>\n<meta property=\"og:site_name\" content=\"Stipe Luci\u0107\" \/>\n<meta property=\"article:modified_time\" content=\"2025-04-08T13:45:05+00:00\" \/>\n<meta property=\"og:image\" content=\"http:\/\/www.stipe-lucic.com\/wp-content\/uploads\/2025\/04\/nextgeneu_en1.jpg\" \/>\n<meta name=\"twitter:card\" content=\"summary_large_image\" \/>\n<meta name=\"twitter:label1\" content=\"Est. reading time\" \/>\n\t<meta name=\"twitter:data1\" content=\"3 minutes\" \/>\n<script type=\"application\/ld+json\" class=\"yoast-schema-graph\">{\"@context\":\"https:\/\/schema.org\",\"@graph\":[{\"@type\":\"WebPage\",\"@id\":\"http:\/\/www.stipe-lucic.com\/en\/eu-project\/\",\"url\":\"http:\/\/www.stipe-lucic.com\/en\/eu-project\/\",\"name\":\"EU project \u2013 Stipe Luci\u0107 - Stonemasonry Center and Stone Carving\",\"isPartOf\":{\"@id\":\"http:\/\/www.stipe-lucic.com\/en\/#website\"},\"primaryImageOfPage\":{\"@id\":\"http:\/\/www.stipe-lucic.com\/en\/eu-project\/#primaryimage\"},\"image\":{\"@id\":\"http:\/\/www.stipe-lucic.com\/en\/eu-project\/#primaryimage\"},\"thumbnailUrl\":\"http:\/\/www.stipe-lucic.com\/wp-content\/uploads\/2025\/04\/nextgeneu_en1.jpg\",\"datePublished\":\"2025-04-04T09:08:53+00:00\",\"dateModified\":\"2025-04-08T13:45:05+00:00\",\"description\":\"The goal of the project is to establish an energy- and resource-efficient economy by promoting the effective use of resources, increasing the use of renewable energy sources, and reducing CO2 emissions.\",\"breadcrumb\":{\"@id\":\"http:\/\/www.stipe-lucic.com\/en\/eu-project\/#breadcrumb\"},\"inLanguage\":\"en-US\",\"potentialAction\":[{\"@type\":\"ReadAction\",\"target\":[\"http:\/\/www.stipe-lucic.com\/en\/eu-project\/\"]}]},{\"@type\":\"ImageObject\",\"inLanguage\":\"en-US\",\"@id\":\"http:\/\/www.stipe-lucic.com\/en\/eu-project\/#primaryimage\",\"url\":\"http:\/\/www.stipe-lucic.com\/wp-content\/uploads\/2025\/04\/nextgeneu_en1.jpg\",\"contentUrl\":\"http:\/\/www.stipe-lucic.com\/wp-content\/uploads\/2025\/04\/nextgeneu_en1.jpg\"},{\"@type\":\"BreadcrumbList\",\"@id\":\"http:\/\/www.stipe-lucic.com\/en\/eu-project\/#breadcrumb\",\"itemListElement\":[{\"@type\":\"ListItem\",\"position\":1,\"name\":\"Po\u010detna stranica\",\"item\":\"http:\/\/www.stipe-lucic.com\/en\/\"},{\"@type\":\"ListItem\",\"position\":2,\"name\":\"EU project\"}]},{\"@type\":\"WebSite\",\"@id\":\"http:\/\/www.stipe-lucic.com\/en\/#website\",\"url\":\"http:\/\/www.stipe-lucic.com\/en\/\",\"name\":\"Stipe Luci\u0107\",\"description\":\"\",\"publisher\":{\"@id\":\"http:\/\/www.stipe-lucic.com\/en\/#organization\"},\"potentialAction\":[{\"@type\":\"SearchAction\",\"target\":{\"@type\":\"EntryPoint\",\"urlTemplate\":\"http:\/\/www.stipe-lucic.com\/en\/?s={search_term_string}\"},\"query-input\":{\"@type\":\"PropertyValueSpecification\",\"valueRequired\":true,\"valueName\":\"search_term_string\"}}],\"inLanguage\":\"en-US\"},{\"@type\":\"Organization\",\"@id\":\"http:\/\/www.stipe-lucic.com\/en\/#organization\",\"name\":\"Stipe Luci\u0107\",\"url\":\"http:\/\/www.stipe-lucic.com\/en\/\",\"logo\":{\"@type\":\"ImageObject\",\"inLanguage\":\"en-US\",\"@id\":\"http:\/\/www.stipe-lucic.com\/en\/#\/schema\/logo\/image\/\",\"url\":\"http:\/\/www.stipe-lucic.com\/wp-content\/uploads\/2025\/03\/Stipe-Lucic-logo-min.png\",\"contentUrl\":\"http:\/\/www.stipe-lucic.com\/wp-content\/uploads\/2025\/03\/Stipe-Lucic-logo-min.png\",\"width\":955,\"height\":656,\"caption\":\"Stipe Luci\u0107\"},\"image\":{\"@id\":\"http:\/\/www.stipe-lucic.com\/en\/#\/schema\/logo\/image\/\"}}]}<\/script>\n<!-- \/ Yoast SEO plugin. -->","yoast_head_json":{"title":"EU project \u2013 Stipe Luci\u0107 - Stonemasonry Center and Stone Carving","description":"The goal of the project is to establish an energy- and resource-efficient economy by promoting the effective use of resources, increasing the use of renewable energy sources, and reducing CO2 emissions.","robots":{"index":"index","follow":"follow","max-snippet":"max-snippet:-1","max-image-preview":"max-image-preview:large","max-video-preview":"max-video-preview:-1"},"canonical":"http:\/\/www.stipe-lucic.com\/en\/eu-project\/","og_locale":"en_US","og_type":"article","og_title":"EU project \u2013 Stipe Luci\u0107 - Stonemasonry Center and Stone Carving","og_description":"The goal of the project is to establish an energy- and resource-efficient economy by promoting the effective use of resources, increasing the use of renewable energy sources, and reducing CO2 emissions.","og_url":"http:\/\/www.stipe-lucic.com\/en\/eu-project\/","og_site_name":"Stipe Luci\u0107","article_modified_time":"2025-04-08T13:45:05+00:00","og_image":[{"url":"http:\/\/www.stipe-lucic.com\/wp-content\/uploads\/2025\/04\/nextgeneu_en1.jpg","type":"","width":"","height":""}],"twitter_card":"summary_large_image","twitter_misc":{"Est. reading time":"3 minutes"},"schema":{"@context":"https:\/\/schema.org","@graph":[{"@type":"WebPage","@id":"http:\/\/www.stipe-lucic.com\/en\/eu-project\/","url":"http:\/\/www.stipe-lucic.com\/en\/eu-project\/","name":"EU project \u2013 Stipe Luci\u0107 - Stonemasonry Center and Stone Carving","isPartOf":{"@id":"http:\/\/www.stipe-lucic.com\/en\/#website"},"primaryImageOfPage":{"@id":"http:\/\/www.stipe-lucic.com\/en\/eu-project\/#primaryimage"},"image":{"@id":"http:\/\/www.stipe-lucic.com\/en\/eu-project\/#primaryimage"},"thumbnailUrl":"http:\/\/www.stipe-lucic.com\/wp-content\/uploads\/2025\/04\/nextgeneu_en1.jpg","datePublished":"2025-04-04T09:08:53+00:00","dateModified":"2025-04-08T13:45:05+00:00","description":"The goal of the project is to establish an energy- and resource-efficient economy by promoting the effective use of resources, increasing the use of renewable energy sources, and reducing CO2 emissions.","breadcrumb":{"@id":"http:\/\/www.stipe-lucic.com\/en\/eu-project\/#breadcrumb"},"inLanguage":"en-US","potentialAction":[{"@type":"ReadAction","target":["http:\/\/www.stipe-lucic.com\/en\/eu-project\/"]}]},{"@type":"ImageObject","inLanguage":"en-US","@id":"http:\/\/www.stipe-lucic.com\/en\/eu-project\/#primaryimage","url":"http:\/\/www.stipe-lucic.com\/wp-content\/uploads\/2025\/04\/nextgeneu_en1.jpg","contentUrl":"http:\/\/www.stipe-lucic.com\/wp-content\/uploads\/2025\/04\/nextgeneu_en1.jpg"},{"@type":"BreadcrumbList","@id":"http:\/\/www.stipe-lucic.com\/en\/eu-project\/#breadcrumb","itemListElement":[{"@type":"ListItem","position":1,"name":"Po\u010detna stranica","item":"http:\/\/www.stipe-lucic.com\/en\/"},{"@type":"ListItem","position":2,"name":"EU project"}]},{"@type":"WebSite","@id":"http:\/\/www.stipe-lucic.com\/en\/#website","url":"http:\/\/www.stipe-lucic.com\/en\/","name":"Stipe Luci\u0107","description":"","publisher":{"@id":"http:\/\/www.stipe-lucic.com\/en\/#organization"},"potentialAction":[{"@type":"SearchAction","target":{"@type":"EntryPoint","urlTemplate":"http:\/\/www.stipe-lucic.com\/en\/?s={search_term_string}"},"query-input":{"@type":"PropertyValueSpecification","valueRequired":true,"valueName":"search_term_string"}}],"inLanguage":"en-US"},{"@type":"Organization","@id":"http:\/\/www.stipe-lucic.com\/en\/#organization","name":"Stipe Luci\u0107","url":"http:\/\/www.stipe-lucic.com\/en\/","logo":{"@type":"ImageObject","inLanguage":"en-US","@id":"http:\/\/www.stipe-lucic.com\/en\/#\/schema\/logo\/image\/","url":"http:\/\/www.stipe-lucic.com\/wp-content\/uploads\/2025\/03\/Stipe-Lucic-logo-min.png","contentUrl":"http:\/\/www.stipe-lucic.com\/wp-content\/uploads\/2025\/03\/Stipe-Lucic-logo-min.png","width":955,"height":656,"caption":"Stipe Luci\u0107"},"image":{"@id":"http:\/\/www.stipe-lucic.com\/en\/#\/schema\/logo\/image\/"}}]}},"_links":{"self":[{"href":"http:\/\/www.stipe-lucic.com\/en\/wp-json\/wp\/v2\/pages\/544","targetHints":{"allow":["GET"]}}],"collection":[{"href":"http:\/\/www.stipe-lucic.com\/en\/wp-json\/wp\/v2\/pages"}],"about":[{"href":"http:\/\/www.stipe-lucic.com\/en\/wp-json\/wp\/v2\/types\/page"}],"author":[{"embeddable":true,"href":"http:\/\/www.stipe-lucic.com\/en\/wp-json\/wp\/v2\/users\/1"}],"replies":[{"embeddable":true,"href":"http:\/\/www.stipe-lucic.com\/en\/wp-json\/wp\/v2\/comments?post=544"}],"version-history":[{"count":0,"href":"http:\/\/www.stipe-lucic.com\/en\/wp-json\/wp\/v2\/pages\/544\/revisions"}],"wp:attachment":[{"href":"http:\/\/www.stipe-lucic.com\/en\/wp-json\/wp\/v2\/media?parent=544"}],"curies":[{"name":"wp","href":"https:\/\/api.w.org\/{rel}","templated":true}]}}